{"id":8020,"date":"2025-12-31T18:27:04","date_gmt":"2025-12-31T16:27:04","guid":{"rendered":"https:\/\/a-koulutus.fi\/?post_type=product&#038;p=8020"},"modified":"2025-12-31T18:28:51","modified_gmt":"2025-12-31T16:28:51","slug":"june-29-2026-occupational-safety-card-webinar","status":"publish","type":"product","link":"https:\/\/a-koulutus.fi\/fi\/product\/june-29-2026-occupational-safety-card-webinar\/","title":{"rendered":"29. kes\u00e4kuuta 2026 - Ty\u00f6turvallisuuskortti Webinaari"},"content":{"rendered":"<h3><strong>Ty\u00f6turvallisuuskortti Webinaari englanniksi <\/strong><\/h3>\n<div class=\"et_pb_module et_pb_text et_pb_text_0 et_pb_text_align_left et_pb_bg_layout_light\">\n<div class=\"et_pb_text_inner\">\n<p><strong>P\u00e4iv\u00e4:<\/strong> June 29, 2026 (<a href=\"https:\/\/a-koulutus.fi\/fi\/tulevat-koulutukset\/\">muut p\u00e4iv\u00e4m\u00e4\u00e4r\u00e4t l\u00f6ytyv\u00e4t t\u00e4\u00e4lt\u00e4<\/a>) <strong>Aika:<\/strong> 08:30 - 15.30 (GMT +2 Suomen aikaa)<\/p>\n<h3>Ty\u00f6turvallisuuskortti<\/h3>\n<p>Suomessa monet alat, kuten rakentaminen ja teollisuus, edellytt\u00e4v\u00e4t, ett\u00e4 <a href=\"https:\/\/www.tyoturvallisuuskortti.fi\/en\"><strong>Ty\u00f6turvallisuuskortti<\/strong><\/a> (\u201cTy\u00f6turvallisuuskortti\u201d suomeksi, my\u00f6nt\u00e4j\u00e4 TTK). N\u00e4in ollen kortin hallussapito avaa lis\u00e4\u00e4 ty\u00f6mahdollisuuksia ja mahdollistaa usein ty\u00f6llistymisen. Lis\u00e4ksi koulutuksessa opetetaan perustiedot ty\u00f6paikan vaaroista sek\u00e4 ty\u00f6terveydest\u00e4 ja -turvallisuudesta yhteisiss\u00e4 ymp\u00e4rist\u00f6iss\u00e4.<\/p>\n<h3>Koulutus ja sertifiointi<\/h3>\n<p>Kun suoritat koulutuksen (7 tuntia + tentti TAI 4 tuntia + tentti), saat henkil\u00f6kohtaisen ty\u00f6turvallisuuskortin, joka on voimassa 5 vuotta. Lis\u00e4ksi kurssi on englanninkielinen ja se j\u00e4rjestet\u00e4\u00e4n verkossa reaaliajassa sovittuna p\u00e4iv\u00e4n\u00e4 ja kellonaikana. Osallistuaksesi sinun on k\u00e4ytett\u00e4v\u00e4 tietokonetta, tablettia tai matkapuhelinta ja varmistettava vakaa internetyhteys.<\/p>\n<h3>7 tunnin kurssi (+ tentti)<\/h3>\n<p>Sinun tulisi osallistua 7 tunnin ty\u00f6turvallisuuskortin webinaariin, jos:<\/p>\n<ul>\n<li>Et ole koskaan aikaisemmin suorittanut kurssia, tai<\/li>\n<li>Olemassa olevan turvakorttisi voimassaolo on jo p\u00e4\u00e4ttynyt.<\/li>\n<\/ul>\n<h3>4 tunnin kurssi (+ tentti)<\/h3>\n<p>Toisaalta sinun kannattaa osallistua 4 tunnin ty\u00f6turvallisuuskortin uusimiskurssille, jos sinulla on jo voimassa oleva kortti (joka ei ole vanhentunut webinaarip\u00e4iv\u00e4n\u00e4). T\u00e4ss\u00e4 tapauksessa sinun on ilmoitettava ty\u00f6turvallisuuskorttisi numero ja kirjoitettava se varauslomakkeeseen. Nelj\u00e4n tunnin kurssi kelpaa yht\u00e4 hyvin kuin seitsem\u00e4n tunnin kurssi.<\/p>\n<h3>Aikataulu<\/h3>\n<p>Pid\u00e4mme molemmat kurssit samana p\u00e4iv\u00e4n\u00e4. Seitsem\u00e4n tunnin kurssi alkaa klo 8.30 ja nelj\u00e4n tunnin kurssi klo 11.30 Suomen aikaa. Molemmat kurssit p\u00e4\u00e4ttyv\u00e4t klo 15:30. Heti sen j\u00e4lkeen teet ty\u00f6turvallisuuskorttikokeen verkossa, joka kest\u00e4\u00e4 yleens\u00e4 10-30 minuuttia. Kun olet suorittanut kokeen, voit poistua webinaarista. Viel\u00e4 samana p\u00e4iv\u00e4n\u00e4 voit aktivoida mobiiliturvallisuuskorttisi.<\/p>\n<h3>Kurssimaksu<\/h3>\n<ul>\n<li>119 \u20ac + 0% alv (EU:n yritykset: k\u00e4\u00e4nnetty alv, alv-numero vaaditaan) = 119 \u20ac.<\/li>\n<li>119 \u20ac + 25,5% alv (EU:n ulkopuoliset yritykset + yritykset Suomessa) = 149,35 \u20ac.<\/li>\n<li>119 \u20ac + 25.5% alv (yksityishenkil\u00f6t) = 149.35 \u20ac.<\/li>\n<\/ul>\n<p>Yksityishenkil\u00f6t maksavat kurssimaksun ilmoittautumisen yhteydess\u00e4 (k\u00e4teisell\u00e4 tai luottokortilla). Yritykset saavat laskun. Sek\u00e4 7 tunnin ett\u00e4 4 tunnin kurssit maksavat saman verran.<\/p>\n<h3>Rekister\u00f6inti ja vahvistus<\/h3>\n<p>Kun olet tehnyt varauksen, saat vahvistuss\u00e4hk\u00f6postin. T\u00e4m\u00e4n j\u00e4lkeen l\u00e4het\u00e4mme sinulle v\u00e4hint\u00e4\u00e4n 4 p\u00e4iv\u00e4\u00e4 ennen webinaaria linkin webinaariin, lis\u00e4tietoja ja kurssikirjan (PDF-muodossa). Klikkaa linkki\u00e4 noin 5-15 minuuttia ennen webinaarin alkua.<\/p>\n<h3>Koulutuksen tavoitteet<\/h3>\n<p>Koulutuksen p\u00e4\u00e4tteeksi:<\/p>\n<ul>\n<li><strong>Tunne<\/strong> ty\u00f6turvallisuuden ja ty\u00f6terveyden periaatteet yhteisell\u00e4 ty\u00f6paikalla.<\/li>\n<li><strong>Pysty\u00e4 tunnistamaan<\/strong> riski- ja stressitekij\u00e4t ty\u00f6ss\u00e4.<\/li>\n<li><strong>Ymm\u00e4rr\u00e4<\/strong> turvallisen ja terveellisen ty\u00f6skentelyn periaatteet.<\/li>\n<li><strong>Tunnista<\/strong> ihmisten toiminnan merkitys ty\u00f6turvallisuuden kannalta.<\/li>\n<\/ul>\n<\/div>\n<\/div>","protected":false},"excerpt":{"rendered":"<p>Hanki virallinen ty\u00f6turvallisuuskortti nopeasti ja osallistu ty\u00f6turvallisuuskortin webinaariin (7 tai 4 tunnin online webinaari + tentti)! Ty\u00f6turvallisuuskortti my\u00f6nnet\u00e4\u00e4n t\u00e4m\u00e4n koulutuksen suorittaneille henkil\u00f6ille. Ty\u00f6turvallisuuskortti auttaa ty\u00f6llistym\u00e4\u00e4n Suomessa esimerkiksi rakennus-, teollisuus- tai kuljetusalan yrityksiin. Katso yksityiskohtainen kurssikuvaus alta.<\/p>","protected":false},"featured_media":2582,"comment_status":"open","ping_status":"closed","template":"","meta":{"_et_pb_use_builder":"off","_et_pb_old_content":"<strong>Occupational Safety Card WEBINAR course in English\r\n<\/strong>\r\n<div class=\"et_pb_module et_pb_text et_pb_text_0 et_pb_text_align_left et_pb_bg_layout_light\">\r\n<div class=\"et_pb_text_inner\">\r\n\r\n<strong>Date:<\/strong> April 24, 2023 (<a href=\"https:\/\/a-koulutus.fi\/available-courses\/\">for other dates click here<\/a>)\r\n\r\n<strong>Time:<\/strong> 08:30 - 15.30 (GMT +2 Finnish time)\r\n\r\n<a href=\"https:\/\/www.tyoturvallisuuskortti.fi\/en\"><strong>The Occupational Safety Card<\/strong><\/a> \u00a0(\u201cTy\u00f6turvallisuuskortti\u201d in Finnish) is required in Finland in many fields such as construction business or industry. The card clearly brings more job opportunities to its owner and is often absolutely necessary if one wants to get to work. The training provides basic information about the dangers within a working environment and occupational health and safety in shared workplaces. A personal Occupational Safety card, which is valid for 5 years, is granted to persons who successfully complete the training (7 hours + exam OR 4 hours + exam). The course is in English and is held online in real-time on the predetermined date and time. To participate in a webinar, you must use your own\/company\u2019s computer, tablet, or mobile phone and have a stable internet connection.\r\n\r\n<strong>7 hour course (+ exam) -\u00a0<\/strong>7-hour (+ exam) Occupational Safety Card webinar is only 1) for those who have not done the safety card course before\u00a0 AND 2) for those whose existing safety cards have already expired.\r\n\r\n<strong>4\u00a0 hour course (+ exam)<\/strong> - 4-hour (+exam) Occupational Safety Card renewal course is only for those who have an Occupational Safety Card and the card is valid (not expired) on the date of the webinar. The safety card number is required from the participant and the card number has to be written on the reservation form.\u00a0The 4 hour course is equally qualified as the 7 hour course.\r\n\r\nBoth courses (7 and 4 hour webinars) are held on the same day. 7 hour course starts at 8.30 a.m. and 4 hour course starts at 12.30 Finnish time. Both courses end at the same time at 15.30. Immediately after the course has ended starts the Occupational Safety card exam (online exam) which usually takes 10-30 minutes from the participant to finish. After the participant has done this online exam he can leave the webinar.\r\n\r\n<strong>COURSE FEE:<\/strong>\r\n<ul>\r\n \t<li><strong>109 \u20ac + 0% VAT (EU companies: reversed VAT, VAT number required)<\/strong><\/li>\r\n \t<li><strong>109 \u20ac + 24% VAT (non-EU companies + companies situated in Finland)<\/strong><\/li>\r\n \t<li><strong>109 \u20ac + 24% VAT<\/strong><strong> (Private people) = 135,16 \u20ac<\/strong><\/li>\r\n<\/ul>\r\nPrivate people must pay the course fee during the registration (cash or credit cards accepted). Companies can be invoiced.\r\n\r\n7 hour and 4 hour courses have the same price.\r\n\r\nThe intended goals of this training are:\r\n<ul>\r\n \t<li>to improve practical cooperation between purchasing and supplying companies in shared workplaces<\/li>\r\n \t<li>to support job introduction in shared workplaces<\/li>\r\n \t<li>to provide basic information related to occupational health and safety<\/li>\r\n \t<li>to reduce overlap in training provided by different purchasers<\/li>\r\n \t<li>to increase interest and motivation regarding the occupational safety skills of the company\u2019s own personnel<\/li>\r\n \t<li>to reduce workplace accidents and hazardous situations<\/li>\r\n<\/ul>\r\n<\/div>\r\n<em><strong>Note:<\/strong> After you have booked, you will receive a <strong>confirmation email. <\/strong>And 3-7 days before the webinar starts we will send to the participants email address <strong>a link to the webinar and some additional information about the webinar<\/strong>. Please click this webinar link appr. <strong>10-15 minutes before the webinar<\/strong> starts to get set up and be ready to go.<\/em>\r\n\r\n<\/div>","_et_gb_content_width":""},"product_brand":[],"product_cat":[34],"product_tag":[38,36,39,37],"class_list":{"0":"post-8020","1":"product","2":"type-product","3":"status-publish","4":"has-post-thumbnail","6":"product_cat-occupational-safety-card-webinar-english","7":"product_tag-english","8":"product_tag-occupational-safety-card","9":"product_tag-online","10":"product_tag-webinar","12":"first","13":"instock","14":"virtual","15":"taxable","16":"purchasable","17":"product-type-simple"},"yoast_head":"<!-- This site is optimized with the Yoast SEO plugin v27.4 - https:\/\/yoast.com\/product\/yoast-seo-wordpress\/ -->\n<title>June 29, 2026 - Occupational Safety Card Webinar - A-koulutus<\/title>\n<meta name=\"description\" content=\"The Occupational Safety Card \u00a0(\u201cTy\u00f6turvallisuuskortti\u201d) is required in Finland in many fields such as construction business or industry. Get it online now!\" \/>\n<meta name=\"robots\" content=\"index, follow, max-snippet:-1, max-image-preview:large, max-video-preview:-1\" \/>\n<link rel=\"canonical\" href=\"https:\/\/a-koulutus.fi\/fi\/tuote\/june-29-2026-occupational-safety-card-webinar\/\" \/>\n<meta property=\"og:locale\" content=\"fi_FI\" \/>\n<meta property=\"og:type\" content=\"article\" \/>\n<meta property=\"og:title\" content=\"June 29, 2026 - Occupational Safety Card Webinar - A-koulutus\" \/>\n<meta property=\"og:description\" content=\"The Occupational Safety Card \u00a0(\u201cTy\u00f6turvallisuuskortti\u201d) is required in Finland in many fields such as construction business or industry. Get it online now!\" \/>\n<meta property=\"og:url\" content=\"https:\/\/a-koulutus.fi\/fi\/tuote\/june-29-2026-occupational-safety-card-webinar\/\" \/>\n<meta property=\"og:site_name\" content=\"A-koulutus\" \/>\n<meta property=\"article:modified_time\" content=\"2025-12-31T16:28:51+00:00\" \/>\n<meta property=\"og:image\" content=\"https:\/\/a-koulutus.fi\/wp-content\/uploads\/2021\/07\/Webinar-English-square-lang.jpg\" \/>\n\t<meta property=\"og:image:width\" content=\"600\" \/>\n\t<meta property=\"og:image:height\" content=\"600\" \/>\n\t<meta property=\"og:image:type\" content=\"image\/jpeg\" \/>\n<meta name=\"twitter:card\" content=\"summary_large_image\" \/>\n<meta name=\"twitter:label1\" content=\"Arvioitu lukuaika\" \/>\n\t<meta name=\"twitter:data1\" content=\"3 minuuttia\" \/>\n<script type=\"application\/ld+json\" class=\"yoast-schema-graph\">{\"@context\":\"https:\\\/\\\/schema.org\",\"@graph\":[{\"@type\":\"WebPage\",\"@id\":\"https:\\\/\\\/a-koulutus.fi\\\/product\\\/june-29-2026-occupational-safety-card-webinar\\\/\",\"url\":\"https:\\\/\\\/a-koulutus.fi\\\/product\\\/june-29-2026-occupational-safety-card-webinar\\\/\",\"name\":\"June 29, 2026 - Occupational Safety Card Webinar - A-koulutus\",\"isPartOf\":{\"@id\":\"https:\\\/\\\/a-koulutus.fi\\\/#website\"},\"primaryImageOfPage\":{\"@id\":\"https:\\\/\\\/a-koulutus.fi\\\/product\\\/june-29-2026-occupational-safety-card-webinar\\\/#primaryimage\"},\"image\":{\"@id\":\"https:\\\/\\\/a-koulutus.fi\\\/product\\\/june-29-2026-occupational-safety-card-webinar\\\/#primaryimage\"},\"thumbnailUrl\":\"https:\\\/\\\/a-koulutus.fi\\\/wp-content\\\/uploads\\\/2021\\\/07\\\/Webinar-English-square-lang.jpg\",\"datePublished\":\"2025-12-31T16:27:04+00:00\",\"dateModified\":\"2025-12-31T16:28:51+00:00\",\"description\":\"The Occupational Safety Card \u00a0(\u201cTy\u00f6turvallisuuskortti\u201d) is required in Finland in many fields such as construction business or industry. Get it online now!\",\"breadcrumb\":{\"@id\":\"https:\\\/\\\/a-koulutus.fi\\\/product\\\/june-29-2026-occupational-safety-card-webinar\\\/#breadcrumb\"},\"inLanguage\":\"fi\",\"potentialAction\":[{\"@type\":\"ReadAction\",\"target\":[\"https:\\\/\\\/a-koulutus.fi\\\/product\\\/june-29-2026-occupational-safety-card-webinar\\\/\"]}]},{\"@type\":\"ImageObject\",\"inLanguage\":\"fi\",\"@id\":\"https:\\\/\\\/a-koulutus.fi\\\/product\\\/june-29-2026-occupational-safety-card-webinar\\\/#primaryimage\",\"url\":\"https:\\\/\\\/a-koulutus.fi\\\/wp-content\\\/uploads\\\/2021\\\/07\\\/Webinar-English-square-lang.jpg\",\"contentUrl\":\"https:\\\/\\\/a-koulutus.fi\\\/wp-content\\\/uploads\\\/2021\\\/07\\\/Webinar-English-square-lang.jpg\",\"width\":600,\"height\":600},{\"@type\":\"BreadcrumbList\",\"@id\":\"https:\\\/\\\/a-koulutus.fi\\\/product\\\/june-29-2026-occupational-safety-card-webinar\\\/#breadcrumb\",\"itemListElement\":[{\"@type\":\"ListItem\",\"position\":1,\"name\":\"Home\",\"item\":\"https:\\\/\\\/a-koulutus.fi\\\/\"},{\"@type\":\"ListItem\",\"position\":2,\"name\":\"Available Courses\",\"item\":\"https:\\\/\\\/a-koulutus.fi\\\/available-courses\\\/\"},{\"@type\":\"ListItem\",\"position\":3,\"name\":\"June 29, 2026 &#8211; Occupational Safety Card Webinar\"}]},{\"@type\":\"WebSite\",\"@id\":\"https:\\\/\\\/a-koulutus.fi\\\/#website\",\"url\":\"https:\\\/\\\/a-koulutus.fi\\\/\",\"name\":\"A-koulutus\",\"description\":\"Occupational Safety Card courses\",\"potentialAction\":[{\"@type\":\"SearchAction\",\"target\":{\"@type\":\"EntryPoint\",\"urlTemplate\":\"https:\\\/\\\/a-koulutus.fi\\\/?s={search_term_string}\"},\"query-input\":{\"@type\":\"PropertyValueSpecification\",\"valueRequired\":true,\"valueName\":\"search_term_string\"}}],\"inLanguage\":\"fi\"}]}<\/script>\n<!-- \/ Yoast SEO plugin. -->","yoast_head_json":{"title":"June 29, 2026 - Occupational Safety Card Webinar - A-koulutus","description":"Ty\u00f6turvallisuuskortti vaaditaan Suomessa monilla aloilla, kuten rakennusalalla tai teollisuudessa. Hanki se nyt verkossa!","robots":{"index":"index","follow":"follow","max-snippet":"max-snippet:-1","max-image-preview":"max-image-preview:large","max-video-preview":"max-video-preview:-1"},"canonical":"https:\/\/a-koulutus.fi\/fi\/tuote\/june-29-2026-occupational-safety-card-webinar\/","og_locale":"fi_FI","og_type":"article","og_title":"June 29, 2026 - Occupational Safety Card Webinar - A-koulutus","og_description":"The Occupational Safety Card \u00a0(\u201cTy\u00f6turvallisuuskortti\u201d) is required in Finland in many fields such as construction business or industry. Get it online now!","og_url":"https:\/\/a-koulutus.fi\/fi\/tuote\/june-29-2026-occupational-safety-card-webinar\/","og_site_name":"A-koulutus","article_modified_time":"2025-12-31T16:28:51+00:00","og_image":[{"width":600,"height":600,"url":"https:\/\/a-koulutus.fi\/wp-content\/uploads\/2021\/07\/Webinar-English-square-lang.jpg","type":"image\/jpeg"}],"twitter_card":"summary_large_image","twitter_misc":{"Arvioitu lukuaika":"3 minuuttia"},"schema":{"@context":"https:\/\/schema.org","@graph":[{"@type":"WebPage","@id":"https:\/\/a-koulutus.fi\/product\/june-29-2026-occupational-safety-card-webinar\/","url":"https:\/\/a-koulutus.fi\/product\/june-29-2026-occupational-safety-card-webinar\/","name":"June 29, 2026 - Occupational Safety Card Webinar - A-koulutus","isPartOf":{"@id":"https:\/\/a-koulutus.fi\/#website"},"primaryImageOfPage":{"@id":"https:\/\/a-koulutus.fi\/product\/june-29-2026-occupational-safety-card-webinar\/#primaryimage"},"image":{"@id":"https:\/\/a-koulutus.fi\/product\/june-29-2026-occupational-safety-card-webinar\/#primaryimage"},"thumbnailUrl":"https:\/\/a-koulutus.fi\/wp-content\/uploads\/2021\/07\/Webinar-English-square-lang.jpg","datePublished":"2025-12-31T16:27:04+00:00","dateModified":"2025-12-31T16:28:51+00:00","description":"Ty\u00f6turvallisuuskortti vaaditaan Suomessa monilla aloilla, kuten rakennusalalla tai teollisuudessa. Hanki se nyt verkossa!","breadcrumb":{"@id":"https:\/\/a-koulutus.fi\/product\/june-29-2026-occupational-safety-card-webinar\/#breadcrumb"},"inLanguage":"fi","potentialAction":[{"@type":"ReadAction","target":["https:\/\/a-koulutus.fi\/product\/june-29-2026-occupational-safety-card-webinar\/"]}]},{"@type":"ImageObject","inLanguage":"fi","@id":"https:\/\/a-koulutus.fi\/product\/june-29-2026-occupational-safety-card-webinar\/#primaryimage","url":"https:\/\/a-koulutus.fi\/wp-content\/uploads\/2021\/07\/Webinar-English-square-lang.jpg","contentUrl":"https:\/\/a-koulutus.fi\/wp-content\/uploads\/2021\/07\/Webinar-English-square-lang.jpg","width":600,"height":600},{"@type":"BreadcrumbList","@id":"https:\/\/a-koulutus.fi\/product\/june-29-2026-occupational-safety-card-webinar\/#breadcrumb","itemListElement":[{"@type":"ListItem","position":1,"name":"Home","item":"https:\/\/a-koulutus.fi\/"},{"@type":"ListItem","position":2,"name":"Available Courses","item":"https:\/\/a-koulutus.fi\/available-courses\/"},{"@type":"ListItem","position":3,"name":"June 29, 2026 &#8211; Occupational Safety Card Webinar"}]},{"@type":"WebSite","@id":"https:\/\/a-koulutus.fi\/#website","url":"https:\/\/a-koulutus.fi\/","name":"A-koulutus","description":"Ty\u00f6turvallisuuskorttikurssit","potentialAction":[{"@type":"SearchAction","target":{"@type":"EntryPoint","urlTemplate":"https:\/\/a-koulutus.fi\/?s={search_term_string}"},"query-input":{"@type":"PropertyValueSpecification","valueRequired":true,"valueName":"search_term_string"}}],"inLanguage":"fi"}]}},"publishpress_future_action":{"enabled":true,"date":"2026-06-29 08:00:00","action":"change-status","newStatus":"private","terms":[0],"taxonomy":"product_cat","extraData":[]},"publishpress_future_workflow_manual_trigger":{"enabledWorkflows":[]},"_links":{"self":[{"href":"https:\/\/a-koulutus.fi\/fi\/wp-json\/wp\/v2\/product\/8020","targetHints":{"allow":["GET"]}}],"collection":[{"href":"https:\/\/a-koulutus.fi\/fi\/wp-json\/wp\/v2\/product"}],"about":[{"href":"https:\/\/a-koulutus.fi\/fi\/wp-json\/wp\/v2\/types\/product"}],"replies":[{"embeddable":true,"href":"https:\/\/a-koulutus.fi\/fi\/wp-json\/wp\/v2\/comments?post=8020"}],"wp:featuredmedia":[{"embeddable":true,"href":"https:\/\/a-koulutus.fi\/fi\/wp-json\/wp\/v2\/media\/2582"}],"wp:attachment":[{"href":"https:\/\/a-koulutus.fi\/fi\/wp-json\/wp\/v2\/media?parent=8020"}],"wp:term":[{"taxonomy":"product_brand","embeddable":true,"href":"https:\/\/a-koulutus.fi\/fi\/wp-json\/wp\/v2\/product_brand?post=8020"},{"taxonomy":"product_cat","embeddable":true,"href":"https:\/\/a-koulutus.fi\/fi\/wp-json\/wp\/v2\/product_cat?post=8020"},{"taxonomy":"product_tag","embeddable":true,"href":"https:\/\/a-koulutus.fi\/fi\/wp-json\/wp\/v2\/product_tag?post=8020"}],"curies":[{"name":"wp","href":"https:\/\/api.w.org\/{rel}","templated":true}]}}